{"id":266,"date":"2010-05-07T13:22:46","date_gmt":"2010-05-07T13:22:46","guid":{"rendered":"http:\/\/localhost:8888\/asm\/?page_id=6"},"modified":"2025-06-20T16:55:53","modified_gmt":"2025-06-20T16:55:53","slug":"contacto","status":"publish","type":"page","link":"https:\/\/asm.co.pt\/en\/contacto\/","title":{"rendered":"Contact"},"content":{"rendered":"<p><strong>ASM TEAM<\/strong><br \/>\nGest\u00e3o e Promo\u00e7\u00e3o de Desportos Motorizados, Lda.<br \/>\nEstrada do Forte da Ameixoeira, Armaz\u00e9m AVS, Charneca do Lumiar<br \/>\n1750-112 LISBOA<br \/>\nPORTUGAL<\/p>\n<p>t: (+351) 21 759 17 01<\/p>\n<p>e: info@asm.co.pt<\/p>\n<p>[mappress mapid=&#8221;1&#8243;]<\/p>","protected":false},"excerpt":{"rendered":"<p>ASM TEAM Gest\u00e3o e Promo\u00e7\u00e3o de Desportos Motorizados, Lda. Estrada do Forte da Ameixoeira, Armaz\u00e9m AVS, Charneca do Lumiar 1750-112 LISBOA PORTUGAL t: (+351) 21 759 17 01 e: info@asm.co.pt [mappress mapid=&#8221;1&#8243;]<\/p>\n","protected":false},"author":1,"featured_media":0,"parent":0,"menu_order":0,"comment_status":"closed","ping_status":"closed","template":"","meta":{"_links_to":"","_links_to_target":""},"_links":{"self":[{"href":"https:\/\/asm.co.pt\/en\/wp-json\/wp\/v2\/pages\/266"}],"collection":[{"href":"https:\/\/asm.co.pt\/en\/wp-json\/wp\/v2\/pages"}],"about":[{"href":"https:\/\/asm.co.pt\/en\/wp-json\/wp\/v2\/types\/page"}],"author":[{"embeddable":true,"href":"https:\/\/asm.co.pt\/en\/wp-json\/wp\/v2\/users\/1"}],"replies":[{"embeddable":true,"href":"https:\/\/asm.co.pt\/en\/wp-json\/wp\/v2\/comments?post=266"}],"version-history":[{"count":9,"href":"https:\/\/asm.co.pt\/en\/wp-json\/wp\/v2\/pages\/266\/revisions"}],"predecessor-version":[{"id":4848,"href":"https:\/\/asm.co.pt\/en\/wp-json\/wp\/v2\/pages\/266\/revisions\/4848"}],"wp:attachment":[{"href":"https:\/\/asm.co.pt\/en\/wp-json\/wp\/v2\/media?parent=266"}],"curies":[{"name":"wp","href":"https:\/\/api.w.org\/{rel}","templated":true}]}}