{"id":3519,"date":"2018-03-23T17:42:48","date_gmt":"2018-03-23T17:42:48","guid":{"rendered":"http:\/\/asm.co.pt\/?page_id=3519"},"modified":"2019-02-11T18:07:57","modified_gmt":"2019-02-11T18:07:57","slug":"chevron-b16-de-francisco-sa-carneiro-e-joao-cannas-a-postos","status":"publish","type":"page","link":"https:\/\/asm.co.pt\/en\/galeria\/chevron-b16-de-francisco-sa-carneiro-e-joao-cannas-a-postos\/","title":{"rendered":"(Portugu\u00eas) Chevron B16 de Francisco S\u00e1 Carneiro e Jo\u00e3o Cannas a postos"},"content":{"rendered":"<p><\/p>","protected":false},"excerpt":{"rendered":"","protected":false},"author":1,"featured_media":3515,"parent":2548,"menu_order":0,"comment_status":"closed","ping_status":"closed","template":"page-album.php","meta":{"_links_to":"","_links_to_target":""},"_links":{"self":[{"href":"https:\/\/asm.co.pt\/en\/wp-json\/wp\/v2\/pages\/3519"}],"collection":[{"href":"https:\/\/asm.co.pt\/en\/wp-json\/wp\/v2\/pages"}],"about":[{"href":"https:\/\/asm.co.pt\/en\/wp-json\/wp\/v2\/types\/page"}],"author":[{"embeddable":true,"href":"https:\/\/asm.co.pt\/en\/wp-json\/wp\/v2\/users\/1"}],"replies":[{"embeddable":true,"href":"https:\/\/asm.co.pt\/en\/wp-json\/wp\/v2\/comments?post=3519"}],"version-history":[{"count":0,"href":"https:\/\/asm.co.pt\/en\/wp-json\/wp\/v2\/pages\/3519\/revisions"}],"up":[{"embeddable":true,"href":"https:\/\/asm.co.pt\/en\/wp-json\/wp\/v2\/pages\/2548"}],"wp:featuredmedia":[{"embeddable":true,"href":"https:\/\/asm.co.pt\/en\/wp-json\/wp\/v2\/media\/3515"}],"wp:attachment":[{"href":"https:\/\/asm.co.pt\/en\/wp-json\/wp\/v2\/media?parent=3519"}],"curies":[{"name":"wp","href":"https:\/\/api.w.org\/{rel}","templated":true}]}}