{"id":70,"date":"2010-05-07T15:22:24","date_gmt":"2010-05-07T15:22:24","guid":{"rendered":"http:\/\/localhost:8888\/asm\/?page_id=4"},"modified":"2017-01-11T23:46:12","modified_gmt":"2017-01-11T23:46:12","slug":"os-pilotos","status":"publish","type":"page","link":"https:\/\/asm.co.pt\/en\/competicao\/os-pilotos\/","title":{"rendered":"Drivers"},"content":{"rendered":"<p><\/p>\n<h3>2011<\/h3>\n<p>Ant\u00f3nio Sim\u00f5es<br \/>\nArmando Paes<br \/>\nCarlos Peres<br \/>\nMiguel Moreno<br \/>\nMiguel Pais do Amaral<br \/>\nOlivier Pla<br \/>\nWarren Hughs<\/p>\n<h3>2010<\/h3>\n<p>Fernando E. Santo<br \/>\nFrancisco Alburquerque<br \/>\nMiguel Pais do Amaral<br \/>\nOlivier Pla<br \/>\nPedro Bastos<br \/>\nWarren Hughs<\/p>\n<h3>2009<\/h3>\n<p>Guy Smith<br \/>\nLouren\u00e7o B. Veiga<br \/>\nMiguel Pais do Amaral<br \/>\nOlivier Pla<br \/>\nRicardo Bravo<\/p>\n<h3>2008<\/h3>\n<p>Ant\u00f3nio Coimbra<br \/>\nAnt\u00f3nio Sim\u00f5es<br \/>\nGuy Smith<br \/>\nLouren\u00e7o B. Veiga<br \/>\nMiguel Crist\u00f3v\u00e3o<br \/>\nMiguel Pais do Amaral<br \/>\nPedro Bastos<br \/>\nPedro Lamy<br \/>\nOlivier Pla<br \/>\nRenato Del Noce<br \/>\nRicardo Bravo<\/p>\n<h3>2007<\/h3>\n<p>Carlos Barbosa<br \/>\nFernando E. Santo<br \/>\nGon\u00e7alo da Silva<br \/>\nJos\u00e9 Manuel Alburquerque<br \/>\nMiguel Angel Burgueno<br \/>\nMiguel De Castro<br \/>\nMiguel Pais do Amaral<br \/>\nPedro Bastos<br \/>\nRenato Del Noce<br \/>\nRicardo Bravo<br \/>\nWarren Hughs<\/p>\n<h3>2006<\/h3>\n<p>Fernando E. Santo<br \/>\nFrancisco Alburquerque<br \/>\nMiguel Angel Burgueno<br \/>\nMiguel De Castro<br \/>\nMiguel Pais do Amaral<br \/>\nPedro Couceiro<br \/>\nRenato Del Noce<br \/>\nRicardo Bravo<\/p>\n<h3>2005<\/h3>\n<p>Carlos Barbosa<br \/>\nCarlos Peres<br \/>\nFernando E. Santo<br \/>\nJo\u00e3o Terenas<br \/>\nMiguel Crist\u00f3v\u00e3o<br \/>\nMiguel Pais do Amaral<br \/>\nPedro Bastos<br \/>\nPedro Couceiro<br \/>\nRicardo Bravo<\/p>\n<h3>2004<\/h3>\n<p>Armando Paes<br \/>\nCarlos Barbosa<br \/>\nCarlos Peres<br \/>\nFernando E. Santo<br \/>\nGon\u00e7alo Corn\u00e9lio<br \/>\nJo\u00e3o Terenas<br \/>\nManuel Ferr\u00e3o<br \/>\nMiguel Pais do Amaral<br \/>\nPedro Bastos<br \/>\nPedro Couceiro<br \/>\nRicardo Bravo<\/p>\n<h3>2003<\/h3>\n<p>Armando Paes<br \/>\nCarlos Barbosa<br \/>\nCarlos Cruz<br \/>\nFilipe Campos<br \/>\nFilipe Rego<br \/>\nGon\u00e7alo Gomes<br \/>\nJos\u00e9 M. Albuquerque<br \/>\nJos\u00e9 P. Faria<br \/>\nJos\u00e9 Vaz Guedes<br \/>\nLuis Furtado<br \/>\nManuel Ferr\u00e3o<br \/>\nManuel Guedes<br \/>\nMiguel Cabral<br \/>\nMiguel Correia<br \/>\nMiguel Pais do Amaral<br \/>\nPedro Couceiro<br \/>\nSalvador Guedes<\/p>\n<h3>2002<\/h3>\n<p>Ant\u00f3nio Sim\u00f5es<br \/>\nArmando Paes<br \/>\nCarlos Barbosa<br \/>\nCarlos Cruz<br \/>\nCorrecaminos<br \/>\nDaniel Cuadrado<br \/>\nFilipe Rego<br \/>\nJ. Arag\u00e3o Teixeira<br \/>\nJ. Lopes Rodrigues<br \/>\nJoaquim Moutinho<br \/>\nLouren\u00e7o Rosa<br \/>\nLu\u00eds Rodrigues<br \/>\nLu\u00eds Villamil<br \/>\nManuel Ferr\u00e3o<br \/>\nManuel Guedes<br \/>\nMaria Villota<br \/>\nMiguel Cabral<br \/>\nMiguel Crist\u00f3v\u00e3o<br \/>\nMiguel Pais do Amaral<br \/>\nNacho Gabari<br \/>\nPedro Magalh\u00e3es<br \/>\nP\u00eaQu\u00eaP\u00ea<br \/>\nPere Prat<br \/>\nSalvador Guedes<\/p>\n<h3>2001<\/h3>\n<p>Ant\u00f3nio Sim\u00f5es<br \/>\nArmando Paes<br \/>\nFilipe Rego<br \/>\nLouren\u00e7o Rosa<br \/>\nLu\u00eds Rodrigues<br \/>\nLuis Villamil<br \/>\nMaria Villota<br \/>\nM\u00eaQu\u00eaP\u00ea<br \/>\nMiguel Crist\u00f3v\u00e3o<br \/>\nRicardo Bravo<\/p>\n<h3>2000<\/h3>\n<p>Ant\u00f3nio Sim\u00f5es<br \/>\nArmando Paes<br \/>\nCarlos Barbosa<br \/>\nLu\u00eds Lacerda<br \/>\nLu\u00eds Rodrigues<br \/>\nManuel Guedes<br \/>\nNuno Freitas<br \/>\nNuno Rosa<br \/>\nS. Guedes<br \/>\nTom\u00e1s Megre<\/p>\n<h3>1999<\/h3>\n<p>Filipe Rego<br \/>\nFrancisco Albuquerque<br \/>\nPedro Estrela<br \/>\nPedro Magalh\u00e3es<br \/>\nTom\u00e1s Megre<\/p>\n<h3>1998<\/h3>\n<p>Ant\u00f3nio Sim\u00f5es<br \/>\nArmando Paes<br \/>\nFrancisco Albuquerque<br \/>\nFrancisco S Castro<br \/>\nMartim<br \/>\nM\u00eaQu\u00eaP\u00ea<br \/>\nMiguel Barbosa<br \/>\nPedro Estrela<br \/>\nPedro Magalh\u00e3es<br \/>\nPedro N\u00e9voa<br \/>\nP\u00eaQu\u00eaP\u00ea<br \/>\nPeter Peters<br \/>\nSalvador P de Andrade<br \/>\nTom\u00e1s Megre<\/p>\n<h3>1997<\/h3>\n<p>Andrew Hoitseme<br \/>\nAnt\u00f3nio Sim\u00f5es<br \/>\nArmando Paes<br \/>\nFrederico Viegas<br \/>\nLuis Rodrigues<br \/>\nPedro Abecassis<br \/>\nPeter Peters<br \/>\nSebasti\u00e3o Lancastre<br \/>\nSeveriano Pinto<br \/>\nTom\u00e1s Burguete<br \/>\nVitor Mateus<\/p>\n<p><?php echo do_shortcode('[table id=5 \/]'); ?><\/p>","protected":false},"excerpt":{"rendered":"<p>2011 Ant\u00f3nio Sim\u00f5es Armando Paes Carlos Peres Miguel Moreno Miguel Pais do Amaral Olivier Pla Warren Hughs 2010 Fernando E. Santo Francisco Alburquerque Miguel Pais do Amaral Olivier Pla Pedro Bastos Warren Hughs 2009 Guy Smith Louren\u00e7o B. Veiga Miguel Pais do Amaral Olivier Pla Ricardo Bravo 2008 Ant\u00f3nio Coimbra Ant\u00f3nio Sim\u00f5es Guy Smith Louren\u00e7o [&hellip;]<\/p>\n","protected":false},"author":1,"featured_media":0,"parent":731,"menu_order":0,"comment_status":"closed","ping_status":"closed","template":"page-pilotos2.php","meta":{"_links_to":"","_links_to_target":""},"_links":{"self":[{"href":"https:\/\/asm.co.pt\/en\/wp-json\/wp\/v2\/pages\/70"}],"collection":[{"href":"https:\/\/asm.co.pt\/en\/wp-json\/wp\/v2\/pages"}],"about":[{"href":"https:\/\/asm.co.pt\/en\/wp-json\/wp\/v2\/types\/page"}],"author":[{"embeddable":true,"href":"https:\/\/asm.co.pt\/en\/wp-json\/wp\/v2\/users\/1"}],"replies":[{"embeddable":true,"href":"https:\/\/asm.co.pt\/en\/wp-json\/wp\/v2\/comments?post=70"}],"version-history":[{"count":10,"href":"https:\/\/asm.co.pt\/en\/wp-json\/wp\/v2\/pages\/70\/revisions"}],"predecessor-version":[{"id":3037,"href":"https:\/\/asm.co.pt\/en\/wp-json\/wp\/v2\/pages\/70\/revisions\/3037"}],"up":[{"embeddable":true,"href":"https:\/\/asm.co.pt\/en\/wp-json\/wp\/v2\/pages\/731"}],"wp:attachment":[{"href":"https:\/\/asm.co.pt\/en\/wp-json\/wp\/v2\/media?parent=70"}],"curies":[{"name":"wp","href":"https:\/\/api.w.org\/{rel}","templated":true}]}}